{"id":1862,"date":"2023-02-27T11:09:55","date_gmt":"2023-02-27T10:09:55","guid":{"rendered":"https:\/\/rent.bellafiume.com\/want-to-work-with-us\/"},"modified":"2023-06-12T16:40:32","modified_gmt":"2023-06-12T14:40:32","slug":"zelite-raditi-s-nama","status":"publish","type":"page","link":"https:\/\/rent.bellafiume.com\/hr\/zelite-raditi-s-nama\/","title":{"rendered":"\u017delite li raditi s nama?"},"content":{"rendered":"\n<div class=\"wp-block-columns has-2-columns is-layout-flex wp-container-core-columns-is-layout-9d6595d7 wp-block-columns-is-layout-flex\">\n<div class=\"wp-block-column is-layout-flow wp-block-column-is-layout-flow\">\n<div class=\"wp-block-getwid-section\"><div class=\"wp-block-getwid-section__wrapper getwid-padding-top-none getwid-padding-bottom-none getwid-padding-left-none getwid-padding-mobile-right-none\" style=\"padding-right:35px\"><div class=\"wp-block-getwid-section__inner-wrapper\"><div class=\"wp-block-getwid-section__background-holder\"><div class=\"wp-block-getwid-section__background\"><\/div><div class=\"wp-block-getwid-section__foreground\"><\/div><\/div><div class=\"wp-block-getwid-section__content\"><div class=\"wp-block-getwid-section__inner-content\">\n<figure class=\"wp-block-image size-large\"><img loading=\"lazy\" decoding=\"async\" width=\"805\" height=\"1024\" src=\"https:\/\/rent.bellafiume.com\/wp-content\/uploads\/2023\/04\/Rijeka-1-805x1024.jpg\" alt=\"\" class=\"wp-image-1695\" srcset=\"https:\/\/rent.bellafiume.com\/wp-content\/uploads\/2023\/04\/Rijeka-1-805x1024.jpg 805w, https:\/\/rent.bellafiume.com\/wp-content\/uploads\/2023\/04\/Rijeka-1-236x300.jpg 236w, https:\/\/rent.bellafiume.com\/wp-content\/uploads\/2023\/04\/Rijeka-1-768x977.jpg 768w, https:\/\/rent.bellafiume.com\/wp-content\/uploads\/2023\/04\/Rijeka-1.jpg 892w\" sizes=\"auto, (max-width: 805px) 100vw, 805px\" \/><\/figure>\n\n\n\n<div class=\"wp-block-getwid-advanced-heading\" style=\"margin-bottom:10px\"><h4 class=\"wp-block-getwid-advanced-heading__content\">Bella Fiume je ovdje za vas<\/h4><\/div>\n\n\n\n<div class=\"wp-block-getwid-advanced-heading has-custom-font-size\" style=\"font-size:14px;margin-bottom:15px\"><span class=\"wp-block-getwid-advanced-heading__content\" style=\"font-style:italic\"><em>Sura\u0111ujte s nama i i<strong>skusite usluge najma nekretnina bez muke<\/strong>. Ponosni smo \u0161to nudimo <strong>najluksuznijie nekretnine na Kvarneru globalnoj klijenteli,<\/strong> osiguravaju\u0107i da va\u0161a nekretnina \u2013 <strong>dosegne idealno tr\u017ei\u0161te<\/strong>. Rade\u0107i s nama, imat \u0107ete koristi od pojednostavljenog upravljanja imovinom, pove\u0107ane vidljivosti koja dovodi do ve\u0107ih stopa popunjenosti za iznajmljivanje i stalno rastu\u0107eg toka prihoda. Dopustite nama da rije\u0161imo pote\u0161ko\u0107e kako biste vi mogli u\u017eivati \u200b\u200bu nagradama.<\/em><\/span><\/div>\n<\/div><\/div><\/div><\/div><\/div>\n<\/div>\n\n\n\n<div class=\"wp-block-column is-layout-flow wp-block-column-is-layout-flow\">\n<div class=\"wp-block-getwid-section\"><div class=\"wp-block-getwid-section__wrapper getwid-padding-top-none getwid-padding-bottom-none getwid-padding-right-none getwid-padding-mobile-left-none\" style=\"padding-left:35px\"><div class=\"wp-block-getwid-section__inner-wrapper\"><div class=\"wp-block-getwid-section__background-holder\"><div class=\"wp-block-getwid-section__background\"><\/div><div class=\"wp-block-getwid-section__foreground\"><\/div><\/div><div class=\"wp-block-getwid-section__content\"><div class=\"wp-block-getwid-section__inner-content\">\n<div class=\"wp-block-getwid-advanced-heading\" style=\"margin-bottom:30px\"><h2 class=\"wp-block-getwid-advanced-heading__content\">Udru\u017eite se s nama i unaprijedite svoj posao iznajmljivanja<\/h2><\/div>\n\n\n\n<p>Jeste li&nbsp;vlasnik&nbsp;nekretnine&nbsp;koji&nbsp;\u017eeli&nbsp;<strong>maksimizirati svoj prihod od najma<\/strong> i <strong>pove\u0107ati vidljivost svog smje\u0161taja<\/strong>?<\/p>\n\n\n\n<div style=\"height:35px\" aria-hidden=\"true\" class=\"wp-block-spacer\"><\/div>\n\n\n\n<figure class=\"wp-block-image size-full\"><img loading=\"lazy\" decoding=\"async\" width=\"892\" height=\"883\" src=\"https:\/\/rent.bellafiume.com\/wp-content\/uploads\/2023\/04\/Rijeka-2.jpg\" alt=\"\" class=\"wp-image-1697\" srcset=\"https:\/\/rent.bellafiume.com\/wp-content\/uploads\/2023\/04\/Rijeka-2.jpg 892w, https:\/\/rent.bellafiume.com\/wp-content\/uploads\/2023\/04\/Rijeka-2-300x297.jpg 300w, https:\/\/rent.bellafiume.com\/wp-content\/uploads\/2023\/04\/Rijeka-2-768x760.jpg 768w\" sizes=\"auto, (max-width: 892px) 100vw, 892px\" \/><\/figure>\n<\/div><\/div><\/div><\/div><\/div>\n<\/div>\n<\/div>\n\n\n\n<div style=\"height:47px\" aria-hidden=\"true\" class=\"wp-block-spacer\"><\/div>\n\n\n\n<hr class=\"wp-block-separator has-css-opacity is-style-wide\"\/>\n\n\n\n<div style=\"height:42px\" aria-hidden=\"true\" class=\"wp-block-spacer\"><\/div>\n\n\n\n<div class=\"wp-block-columns has-2-columns is-layout-flex wp-container-core-columns-is-layout-9d6595d7 wp-block-columns-is-layout-flex\">\n<div class=\"wp-block-column is-layout-flow wp-block-column-is-layout-flow\">\n<div class=\"wp-block-columns has-2-columns is-layout-flex wp-container-core-columns-is-layout-9d6595d7 wp-block-columns-is-layout-flex\">\n<div class=\"wp-block-column is-layout-flow wp-block-column-is-layout-flow\">\n<figure class=\"wp-block-image size-large\"><img loading=\"lazy\" decoding=\"async\" width=\"768\" height=\"1024\" src=\"https:\/\/rent.bellafiume.com\/wp-content\/uploads\/2023\/02\/Rijeka-768x1024.jpg\" alt=\"\" class=\"wp-image-1349\" srcset=\"https:\/\/rent.bellafiume.com\/wp-content\/uploads\/2023\/02\/Rijeka-768x1024.jpg 768w, https:\/\/rent.bellafiume.com\/wp-content\/uploads\/2023\/02\/Rijeka-225x300.jpg 225w, https:\/\/rent.bellafiume.com\/wp-content\/uploads\/2023\/02\/Rijeka-1152x1536.jpg 1152w, https:\/\/rent.bellafiume.com\/wp-content\/uploads\/2023\/02\/Rijeka-892x1190.jpg 892w, https:\/\/rent.bellafiume.com\/wp-content\/uploads\/2023\/02\/Rijeka.jpg 1280w\" sizes=\"auto, (max-width: 768px) 100vw, 768px\" \/><\/figure>\n\n\n\n<div class=\"wp-block-getwid-advanced-heading has-custom-font-size\" style=\"font-size:14px\"><span class=\"wp-block-getwid-advanced-heading__content\" style=\"font-style:italic;padding-right:20px\"><em>Kori\u0161tenjem na\u0161eg razumijevanja&nbsp;odnosa s gostima i lokalnih uvida, va\u0161em objektu pru\u017eamo <strong>jasnu prednost<\/strong> koja mu je potrebna da bi se istaknuo<\/em>.<em> Na\u0161a&nbsp;stru\u010dnost u upravljanju nekretninama za iznajmljivanje,<strong>&nbsp;osigurava da se va\u0161 smje\u0161taj isti\u010de<\/strong>, privla\u010de\u0107i zahtjevne goste i pove\u0107avaju\u0107i stope popunjenosti.<\/em><\/span><\/div>\n<\/div>\n\n\n\n<div class=\"wp-block-column is-layout-flow wp-block-column-is-layout-flow\">\n<div class=\"wp-block-getwid-advanced-spacer getwid-hide-mobile\" style=\"height:45px\" aria-hidden=\"true\"><\/div>\n\n\n\n<div class=\"wp-block-getwid-advanced-heading has-custom-font-size\" style=\"font-size:14px;margin-bottom:20px\"><span class=\"wp-block-getwid-advanced-heading__content\" style=\"font-style:italic;padding-left:20px\"><em>Da biste zapo\u010deli,<strong>&nbsp; ispunite obrazac za kontakt&nbsp;<\/strong>u nastavku i \u010dlan na\u0161eg tima stupit \u0107e s vama u kontakt kako bismo razgovarali o sljede\u0107im koracima.<\/em><\/span><\/div>\n\n\n\n<figure class=\"wp-block-image size-large\"><img loading=\"lazy\" decoding=\"async\" width=\"768\" height=\"1024\" src=\"https:\/\/rent.bellafiume.com\/wp-content\/uploads\/2023\/02\/Opatija-1-768x1024.jpg\" alt=\"\" class=\"wp-image-1295\" srcset=\"https:\/\/rent.bellafiume.com\/wp-content\/uploads\/2023\/02\/Opatija-1-768x1024.jpg 768w, https:\/\/rent.bellafiume.com\/wp-content\/uploads\/2023\/02\/Opatija-1-225x300.jpg 225w, https:\/\/rent.bellafiume.com\/wp-content\/uploads\/2023\/02\/Opatija-1-1152x1536.jpg 1152w, https:\/\/rent.bellafiume.com\/wp-content\/uploads\/2023\/02\/Opatija-1-892x1189.jpg 892w, https:\/\/rent.bellafiume.com\/wp-content\/uploads\/2023\/02\/Opatija-1.jpg 1281w\" sizes=\"auto, (max-width: 768px) 100vw, 768px\" \/><\/figure>\n<\/div>\n<\/div>\n<\/div>\n\n\n\n<div class=\"wp-block-column is-layout-flow wp-block-column-is-layout-flow\">\n<div class=\"wp-block-getwid-section\"><div class=\"wp-block-getwid-section__wrapper getwid-padding-top-none getwid-padding-bottom-none getwid-padding-mobile-left-none\" style=\"padding-left:70px\"><div class=\"wp-block-getwid-section__inner-wrapper\"><div class=\"wp-block-getwid-section__background-holder\"><div class=\"wp-block-getwid-section__background\"><\/div><div class=\"wp-block-getwid-section__foreground\"><\/div><\/div><div class=\"wp-block-getwid-section__content\"><div class=\"wp-block-getwid-section__inner-content\">\n<div class=\"wp-block-getwid-advanced-heading\" style=\"margin-bottom:30px\"><h2 class=\"wp-block-getwid-advanced-heading__content\">Kontaktirajte nas<\/h2><\/div>\n\n\n\n<p>Do\u017eivite razliku koju na\u0161 tim mo\u017ee u\u010diniti u promicanju i upravljanju va\u0161om nekretninom.<\/p>\n\n\n\n<div class=\"wp-block-getwid-advanced-spacer\" style=\"height:20px\" aria-hidden=\"true\"><\/div>\n\n\n        <div class=\"wp-block-getwid-contact-form\" >\n            <form class='wp-block-getwid-contact-form__form'>\n    \n        <p class='wp-block-getwid-field-name is-style-half-width'>\n\t    <label\n        for='name-69e3b48b6145e'\n        class='wp-block-getwid-field-name__label'\n    >Va\u0161e ime<\/label>\n\t    <input id='name-69e3b48b6145e' type='text' name='name'            required=''\n            \/>\n<\/p>\n\n\n        <p class='wp-block-getwid-field-email is-style-half-width'>\n\t    <label\n\t\tfor='email-69e3b48b617ba'\n        class='wp-block-getwid-field-email__label'\n    >Va\u0161 Email<\/label>\n\t    <input id='email-69e3b48b617ba' type='email' name='email'             required=''    \/>\n<\/p>\n\n\n        <p class='wp-block-getwid-field-textarea'>\n\t    <label\n\t\tfor='message-69e3b48b6189c'\n        class='wp-block-getwid-field-textarea__label'\n    >Va\u0161a poruka<\/label>\n\t    <textarea\n\t\tid='message-69e3b48b6189c' rows='5' name='message'            required=''\n            ><\/textarea>\n<\/p>\n\n\n    <input name='subject' \t\ttype='hidden'\n\t\/>\n\n\t<p class='wp-block-getwid-contact-form__result'><\/p>\n\n\t<div class='wp-block-getwid-contact-form__submit'>\n\t\t<div class='wp-block-button'>\n\t\t\t<button\n\t\t\t\ttype='submit'\n\t\t\t\tclass='wp-block-button__link '\t\t\t\t\tstyle=''\t\t\t>Po\u0161alji poruku<\/button>\n\t\t<\/div>\n\n\t<\/div>\n<\/form>\n        <\/div><\/div><\/div><\/div><\/div><\/div>\n<\/div>\n<\/div>\n","protected":false},"excerpt":{"rendered":"<p>Ponosni smo na izlaganju najluksuznijih nekretnina na Kvarneru globalnoj klijenteli, osiguravaju\u0107i da va\u0161a nekretnina \u2013 dosegne idealno tr\u017ei\u0161te. Dopustite nama da rije\u0161imo slo\u017eenosti kako biste mogli u\u017eivati \u200b\u200bu nagradama.<\/p>\n","protected":false},"author":1,"featured_media":1724,"parent":0,"menu_order":0,"comment_status":"closed","ping_status":"closed","template":"template-wide-page.php","meta":{"_acf_changed":false,"inline_featured_image":false,"footnotes":""},"yst_prominent_words":[],"class_list":["post-1862","page","type-page","status-publish","has-post-thumbnail","hentry"],"acf":[],"_links":{"self":[{"href":"https:\/\/rent.bellafiume.com\/hr\/wp-json\/wp\/v2\/pages\/1862","targetHints":{"allow":["GET"]}}],"collection":[{"href":"https:\/\/rent.bellafiume.com\/hr\/wp-json\/wp\/v2\/pages"}],"about":[{"href":"https:\/\/rent.bellafiume.com\/hr\/wp-json\/wp\/v2\/types\/page"}],"author":[{"embeddable":true,"href":"https:\/\/rent.bellafiume.com\/hr\/wp-json\/wp\/v2\/users\/1"}],"replies":[{"embeddable":true,"href":"https:\/\/rent.bellafiume.com\/hr\/wp-json\/wp\/v2\/comments?post=1862"}],"version-history":[{"count":4,"href":"https:\/\/rent.bellafiume.com\/hr\/wp-json\/wp\/v2\/pages\/1862\/revisions"}],"predecessor-version":[{"id":2006,"href":"https:\/\/rent.bellafiume.com\/hr\/wp-json\/wp\/v2\/pages\/1862\/revisions\/2006"}],"wp:featuredmedia":[{"embeddable":true,"href":"https:\/\/rent.bellafiume.com\/hr\/wp-json\/wp\/v2\/media\/1724"}],"wp:attachment":[{"href":"https:\/\/rent.bellafiume.com\/hr\/wp-json\/wp\/v2\/media?parent=1862"}],"wp:term":[{"taxonomy":"yst_prominent_words","embeddable":true,"href":"https:\/\/rent.bellafiume.com\/hr\/wp-json\/wp\/v2\/yst_prominent_words?post=1862"}],"curies":[{"name":"wp","href":"https:\/\/api.w.org\/{rel}","templated":true}]}}