{"id":1857,"date":"2019-09-25T07:05:57","date_gmt":"2019-09-25T05:05:57","guid":{"rendered":"https:\/\/rent.bellafiume.com\/frequently-asked-questions\/"},"modified":"2023-06-12T16:44:17","modified_gmt":"2023-06-12T14:44:17","slug":"cesta-pitanja","status":"publish","type":"page","link":"https:\/\/rent.bellafiume.com\/hr\/cesta-pitanja\/","title":{"rendered":"\u010cesta pitanja"},"content":{"rendered":"\n<div class=\"wp-block-getwid-advanced-heading\"><h2 class=\"wp-block-getwid-advanced-heading__content\"><strong>Kako mogu rezervirati nekretninu za iznajmljivanje putem Bella Fiume?<\/strong><\/h2><\/div>\n\n\n\n<p>Rezervacija nekretnine putem Bella Fiume je jednostavna. <strong>Pregledajte na\u0161e popise, odaberite nekretninu koja odgovara va\u0161im potrebama i slijedite upute za rezervaciju na stranici nekretnine<\/strong>. Ako imate pitanja ili trebate pomo\u0107, na\u0161 tim za podr\u0161ku stoji vam na raspolaganju.<\/p>\n\n\n\n<div class=\"wp-block-buttons is-layout-flex wp-block-buttons-is-layout-flex\">\n<div class=\"wp-block-button\"><a class=\"wp-block-button__link wp-element-button\" href=\"https:\/\/rent.bellafiume.com\/hr\/\">Prona\u0111i smje\u0161taj<\/a><\/div>\n<\/div>\n\n\n\n<div class=\"wp-block-getwid-advanced-heading\"><h2 class=\"wp-block-getwid-advanced-heading__content\"><strong><strong>\u0160to je uklju\u010deno u pogodnosti najma nekretnine?<\/strong><\/strong><\/h2><\/div>\n\n\n\n<p>Svaka nekretnina za iznajmljivanje ima svoj skup pogodnosti, <strong>koje su jasno navedene na stranici nekretnine<\/strong>. To mo\u017ee uklju\u010divati \u200b\u200bosnovne potrep\u0161tine kao \u0161to su posteljina, ru\u010dnici, potpuno opremljene kuhinje, Wi-Fi, parking i jo\u0161 mnogo toga. Obavezno pregledajte odjeljak sa sadr\u017eajima nekretnine koja vas zanima kako biste vidjeli \u0161to se nudi.<\/p>\n\n\n\n<div class=\"wp-block-buttons is-layout-flex wp-block-buttons-is-layout-flex\">\n<div class=\"wp-block-button\"><a class=\"wp-block-button__link wp-element-button\" href=\"https:\/\/rent.bellafiume.com\/hr\/smjestaj\/\">Provjerite smje\u0161taj koji ste odabrali<\/a><\/div>\n<\/div>\n\n\n\n<div class=\"wp-block-getwid-advanced-heading\"><h2 class=\"wp-block-getwid-advanced-heading__content\"><strong>Kako mogu znati je li nekretnina za iznajmljivanje dostupna za \u017eeljene datume?<\/strong><\/h2><\/div>\n\n\n\n<p>Dostupnost svake nekretnine za iznajmljivanje <strong>prikazana je na stranici nekretnine<\/strong>. Mo\u017eete unijeti \u017eeljene datume i provjeriti kalendar raspolo\u017eivosti kako biste vidjeli je li objekt otvoren za rezervacije tijekom tog vremena.<\/p>\n\n\n\n<div class=\"wp-block-buttons is-layout-flex wp-block-buttons-is-layout-flex\">\n<div class=\"wp-block-button\"><a class=\"wp-block-button__link wp-element-button\" href=\"https:\/\/rent.bellafiume.com\/hr\/smjestaj\/\">Provjeri kalendar<\/a><\/div>\n<\/div>\n\n\n\n<div class=\"wp-block-getwid-advanced-heading\"><h2 class=\"wp-block-getwid-advanced-heading__content\"><strong><strong>\u0160to se doga\u0111a nakon \u0161to izvr\u0161im rezervaciju?<\/strong><\/strong><\/h2><\/div>\n\n\n\n<p>Nakon \u0161to napravite rezervaciju putem Bella Fiume, <strong>vlasnik ili upravitelj nekretnine bit \u0107e obavije\u0161ten<\/strong>. Oni \u0107e stupiti u kontakt s vama kako bi <strong>potvrdili rezervaciju i dali daljnje upute za prijavu, preuzimanje klju\u010deva i sve druge potrebne detalje za va\u0161 boravak<\/strong>.<\/p>\n\n\n\n<div class=\"wp-block-getwid-advanced-heading\"><h2 class=\"wp-block-getwid-advanced-heading__content\"><strong>Koja su pravila otkazivanja rezervacija najma?<\/strong><\/h2><\/div>\n\n\n\n<p>Pravila otkazivanja razlikuju se <strong>ovisno o objektu i politici vlasnika objekta<\/strong>. Posebna pravila otkazivanja za svaki objekt mo\u017eete prona\u0107i na stranici objekta. <strong>Preporu\u010damo da prije rezervacije pregledate pravila otkazivanja<\/strong>.<\/p>\n\n\n\n<div class=\"wp-block-buttons is-layout-flex wp-block-buttons-is-layout-flex\">\n<div class=\"wp-block-button\"><a class=\"wp-block-button__link wp-element-button\" href=\"https:\/\/rent.bellafiume.com\/hr\/uvjeti-koristenja\/\">Pravila i uvjeti<\/a><\/div>\n<\/div>\n\n\n\n<div class=\"wp-block-getwid-advanced-heading\"><h2 class=\"wp-block-getwid-advanced-heading__content\"><strong><strong>\u0160to trebam u\u010diniti ako nai\u0111em na problem tijekom boravka?<\/strong><\/strong><\/h2><\/div>\n\n\n\n<p>Ako tijekom svog boravka nai\u0111ete na bilo kakve probleme, kao \u0161to su problemi s odr\u017eavanjem ili nedoumice u vezi s objektom, <strong>poti\u010demo vas da izravno kontaktirate vlasnika ili upravitelja objekta.<\/strong> Oni su odgovorni za rje\u0161avanje problema koji se mogu pojaviti.<\/p>\n\n\n\n<div class=\"wp-block-buttons is-layout-flex wp-block-buttons-is-layout-flex\">\n<div class=\"wp-block-button\"><a class=\"wp-block-button__link wp-element-button\" href=\"https:\/\/rent.bellafiume.com\/hr\/kontaktirajte-nas\/\">Kontaktirajte nas<\/a><\/div>\n<\/div>\n\n\n\n<div class=\"wp-block-getwid-advanced-heading\"><h2 class=\"wp-block-getwid-advanced-heading__content\"><strong>Postoji li sigurnosni polog za iznajmljivanje nekretnina?<\/strong><\/h2><\/div>\n\n\n\n<p>Neki objekti za iznajmljivanje <strong>mogu zahtijevati sigurnosni polog za pokrivanje potencijalnih \u0161teta ili naknade za \u010di\u0161\u0107enje<\/strong>. Posebni detalji u vezi sa sigurnosnim pologom bit \u0107e navedeni u odredbama i uvjetima nekretnine ili ugovoru o najmu.<\/p>\n\n\n\n<div class=\"wp-block-buttons is-layout-flex wp-block-buttons-is-layout-flex\">\n<div class=\"wp-block-button\"><a class=\"wp-block-button__link wp-element-button\" href=\"https:\/\/rent.bellafiume.com\/hr\/uvjeti-koristenja\/\">Pravila i uvjeti<\/a><\/div>\n<\/div>\n\n\n\n<div class=\"wp-block-getwid-advanced-heading\"><h2 class=\"wp-block-getwid-advanced-heading__content\"><strong><strong>Mogu li produ\u017eiti svoj boravak u stanu za iznajmljivanje?<\/strong><\/strong><\/h2><\/div>\n\n\n\n<p>Ako \u017eelite produ\u017eiti svoj boravak u iznajmljenoj nekretnini, <strong>preporu\u010dujemo da kontaktirate vlasnika ili upravitelja nekretnine \u0161to je prije mogu\u0107e kako biste provjerili dostupnost<\/strong>. Oni \u0107e vam pomo\u0107i s procesom i svim potrebnim prilagodbama va\u0161e rezervacije.<\/p>\n\n\n\n<div class=\"wp-block-buttons is-layout-flex wp-block-buttons-is-layout-flex\">\n<div class=\"wp-block-button\"><a class=\"wp-block-button__link wp-element-button\" href=\"https:\/\/rent.bellafiume.com\/hr\/uvjeti-koristenja\/\">Pravila i uvjeti<\/a><\/div>\n<\/div>\n\n\n\n<div class=\"wp-block-getwid-advanced-heading\"><h2 class=\"wp-block-getwid-advanced-heading__content\"><strong>Koje je vrijeme prijave i odjave za nekretnine za iznajmljivanje?<\/strong><\/h2><\/div>\n\n\n\n<p>Vrijeme prijave i odjave <strong>mo\u017ee se razlikovati za svaku nekretninu za iznajmljivanje<\/strong>. Posebne pojedinosti dostavit \u0107e vam vlasnik ili upravitelj nekretnine, obi\u010dno prije va\u0161eg dolaska. Obavezno priop\u0107ite svoje vrijeme dolaska i odlaska kako biste osigurali nesmetan postupak prijave i odjave.<\/p>\n\n\n\n<div class=\"wp-block-buttons is-layout-flex wp-block-buttons-is-layout-flex\">\n<div class=\"wp-block-button\"><a class=\"wp-block-button__link wp-element-button\" href=\"https:\/\/rent.bellafiume.com\/hr\/uvjeti-koristenja\/\">Pravila i uvjeti<\/a><\/div>\n<\/div>\n\n\n\n<div class=\"wp-block-getwid-advanced-heading\"><h2 class=\"wp-block-getwid-advanced-heading__content\"><strong>Kakav je postupak za ostavljanje recenzije nakon mog boravka?<\/strong><\/h2><\/div>\n\n\n\n<p>Nakon va\u0161eg boravka, <strong>poti\u010demo vas da ostavite recenziju nekretnine za iznajmljivanje<\/strong>. Obi\u010dno \u0107ete primiti obavijest ili e-poruku s uputama o tome kako poslati recenziju. Va\u0161e povratne informacije su vrijedne i budu\u0107im gostima poma\u017eu u dono\u0161enju informiranih odluka.<\/p>\n\n\n\n<div class=\"wp-block-buttons is-layout-flex wp-block-buttons-is-layout-flex\">\n<div class=\"wp-block-button\"><a class=\"wp-block-button__link wp-element-button\" href=\"https:\/\/www.facebook.com\/bellafiumeapartments\">Facebook<\/a><\/div>\n<\/div>\n","protected":false},"excerpt":{"rendered":"<p>Rezervacija nekretnine putem Bella Fiume je jednostavna. Pregledajte na\u0161e popise, odaberite nekretninu koja odgovara va\u0161im potrebama i slijedite upute za rezervaciju na stranici nekretnine. Ako imate pitanja ili trebate pomo\u0107, na\u0161 tim za podr\u0161ku stoji vam na raspolaganju. Svaka nekretnina za iznajmljivanje ima svoj skup pogodnosti, koje su jasno navedene na stranici nekretnine. To mo\u017ee [&hellip;]<\/p>\n","protected":false},"author":1,"featured_media":1724,"parent":0,"menu_order":0,"comment_status":"closed","ping_status":"closed","template":"","meta":{"_acf_changed":false,"inline_featured_image":false,"footnotes":""},"yst_prominent_words":[],"class_list":["post-1857","page","type-page","status-publish","has-post-thumbnail","hentry"],"acf":[],"_links":{"self":[{"href":"https:\/\/rent.bellafiume.com\/hr\/wp-json\/wp\/v2\/pages\/1857","targetHints":{"allow":["GET"]}}],"collection":[{"href":"https:\/\/rent.bellafiume.com\/hr\/wp-json\/wp\/v2\/pages"}],"about":[{"href":"https:\/\/rent.bellafiume.com\/hr\/wp-json\/wp\/v2\/types\/page"}],"author":[{"embeddable":true,"href":"https:\/\/rent.bellafiume.com\/hr\/wp-json\/wp\/v2\/users\/1"}],"replies":[{"embeddable":true,"href":"https:\/\/rent.bellafiume.com\/hr\/wp-json\/wp\/v2\/comments?post=1857"}],"version-history":[{"count":3,"href":"https:\/\/rent.bellafiume.com\/hr\/wp-json\/wp\/v2\/pages\/1857\/revisions"}],"predecessor-version":[{"id":2009,"href":"https:\/\/rent.bellafiume.com\/hr\/wp-json\/wp\/v2\/pages\/1857\/revisions\/2009"}],"wp:featuredmedia":[{"embeddable":true,"href":"https:\/\/rent.bellafiume.com\/hr\/wp-json\/wp\/v2\/media\/1724"}],"wp:attachment":[{"href":"https:\/\/rent.bellafiume.com\/hr\/wp-json\/wp\/v2\/media?parent=1857"}],"wp:term":[{"taxonomy":"yst_prominent_words","embeddable":true,"href":"https:\/\/rent.bellafiume.com\/hr\/wp-json\/wp\/v2\/yst_prominent_words?post=1857"}],"curies":[{"name":"wp","href":"https:\/\/api.w.org\/{rel}","templated":true}]}}