{"id":1856,"date":"2023-04-24T07:52:36","date_gmt":"2023-04-24T05:52:36","guid":{"rendered":"https:\/\/rent.bellafiume.com\/explore-kvarner\/"},"modified":"2023-06-07T14:38:14","modified_gmt":"2023-06-07T12:38:14","slug":"istrazi-kvarner","status":"publish","type":"page","link":"https:\/\/rent.bellafiume.com\/hr\/istrazi-kvarner\/","title":{"rendered":"Istra\u017ei Kvarner"},"content":{"rendered":"\n<div class=\"wp-block-columns has-3-columns is-layout-flex wp-container-core-columns-is-layout-9d6595d7 wp-block-columns-is-layout-flex\">\n<div class=\"wp-block-column is-layout-flow wp-block-column-is-layout-flow\">\n<div class=\"wp-block-getwid-advanced-heading\"><h2 class=\"wp-block-getwid-advanced-heading__content\">Tisu\u0107e posjetitelja odabralo je Kvarner<\/h2><\/div>\n<\/div>\n\n\n\n<div class=\"wp-block-column is-layout-flow wp-block-column-is-layout-flow\">\n<p>Prote\u017eu\u0107i se od <strong>plavih dubina na\u0161e razvedene obale do zelenih krajolika goranskog zale\u0111a<\/strong>, Kvarner je osjetilni u\u017eitak, mjesto gdje se niti prirode, povijesti i kulture isprepli\u0107u kako bi oblikovali destinaciju bez premca. Na\u0161a regija je <strong>uto\u010di\u0161te raznolike flore i faune<\/strong>, nudi i morsku i kopnenu biolo\u0161ku raznolikost koja \u0107e <strong>o\u010darati ljubitelje prirode.<\/strong><\/p>\n<\/div>\n\n\n\n<div class=\"wp-block-column is-layout-flow wp-block-column-is-layout-flow\">\n<p>Na\u0161 prekrasni grad, Rijeka, nije samo <strong>sredi\u0161te pomorske i industrijske ba\u0161tine<\/strong>, ve\u0107 i \u017eivo kulturno sredi\u0161te. S <strong>mno\u0161tvom muzeja, umjetni\u010dkih galerija, glazbenih festivala i arhitektonskih \u010duda<\/strong>, Rijeka, ponosna biv\u0161a europska prijestolnica kulture, sa\u017eima bogati kulturni mozaik koji je stolje\u0107ima utjecao na ovu regiju.<\/p>\n<\/div>\n<\/div>\n\n\n\n<div style=\"height:40px\" aria-hidden=\"true\" class=\"wp-block-spacer\"><\/div>\n\n\n\n<div class=\"wp-block-columns has-2-columns is-layout-flex wp-container-core-columns-is-layout-9d6595d7 wp-block-columns-is-layout-flex\">\n<div class=\"wp-block-column is-layout-flow wp-block-column-is-layout-flow\">\n<figure class=\"wp-block-image size-large\"><img loading=\"lazy\" decoding=\"async\" width=\"1024\" height=\"978\" src=\"https:\/\/rent.bellafiume.com\/wp-content\/uploads\/2023\/02\/1-1024x978.jpg\" alt=\"\" class=\"wp-image-1294\" srcset=\"https:\/\/rent.bellafiume.com\/wp-content\/uploads\/2023\/02\/1-1024x978.jpg 1024w, https:\/\/rent.bellafiume.com\/wp-content\/uploads\/2023\/02\/1-300x287.jpg 300w, https:\/\/rent.bellafiume.com\/wp-content\/uploads\/2023\/02\/1-768x734.jpg 768w, https:\/\/rent.bellafiume.com\/wp-content\/uploads\/2023\/02\/1-892x852.jpg 892w, https:\/\/rent.bellafiume.com\/wp-content\/uploads\/2023\/02\/1.jpg 1280w\" sizes=\"auto, (max-width: 1024px) 100vw, 1024px\" \/><\/figure>\n<\/div>\n\n\n\n<div class=\"wp-block-column is-layout-flow wp-block-column-is-layout-flow\">\n<figure class=\"wp-block-gallery has-nested-images columns-2 is-cropped wp-block-gallery-1 is-layout-flex wp-block-gallery-is-layout-flex\">\n<figure class=\"wp-block-image size-large\"><img loading=\"lazy\" decoding=\"async\" width=\"1024\" height=\"980\" data-id=\"1229\" src=\"https:\/\/rent.bellafiume.com\/wp-content\/uploads\/2019\/08\/Bella-Fiume-img-05-1024x980.jpg\" alt=\"\" class=\"wp-image-1229\" srcset=\"https:\/\/rent.bellafiume.com\/wp-content\/uploads\/2019\/08\/Bella-Fiume-img-05-1024x980.jpg 1024w, https:\/\/rent.bellafiume.com\/wp-content\/uploads\/2019\/08\/Bella-Fiume-img-05-300x287.jpg 300w, https:\/\/rent.bellafiume.com\/wp-content\/uploads\/2019\/08\/Bella-Fiume-img-05-768x735.jpg 768w, https:\/\/rent.bellafiume.com\/wp-content\/uploads\/2019\/08\/Bella-Fiume-img-05-892x854.jpg 892w, https:\/\/rent.bellafiume.com\/wp-content\/uploads\/2019\/08\/Bella-Fiume-img-05.jpg 1279w\" sizes=\"auto, (max-width: 1024px) 100vw, 1024px\" \/><\/figure>\n\n\n\n<figure class=\"wp-block-image size-large\"><img loading=\"lazy\" decoding=\"async\" width=\"1024\" height=\"978\" data-id=\"1376\" src=\"https:\/\/rent.bellafiume.com\/wp-content\/uploads\/2023\/02\/Krsic-most-1024x978.jpg\" alt=\"\" class=\"wp-image-1376\" srcset=\"https:\/\/rent.bellafiume.com\/wp-content\/uploads\/2023\/02\/Krsic-most-1024x978.jpg 1024w, https:\/\/rent.bellafiume.com\/wp-content\/uploads\/2023\/02\/Krsic-most-300x287.jpg 300w, https:\/\/rent.bellafiume.com\/wp-content\/uploads\/2023\/02\/Krsic-most-768x734.jpg 768w, https:\/\/rent.bellafiume.com\/wp-content\/uploads\/2023\/02\/Krsic-most-892x852.jpg 892w, https:\/\/rent.bellafiume.com\/wp-content\/uploads\/2023\/02\/Krsic-most.jpg 1280w\" sizes=\"auto, (max-width: 1024px) 100vw, 1024px\" \/><\/figure>\n\n\n\n<figure class=\"wp-block-image size-large\"><img loading=\"lazy\" decoding=\"async\" width=\"1024\" height=\"978\" data-id=\"1377\" src=\"https:\/\/rent.bellafiume.com\/wp-content\/uploads\/2023\/02\/Rijecina-1024x978.jpg\" alt=\"\" class=\"wp-image-1377\" srcset=\"https:\/\/rent.bellafiume.com\/wp-content\/uploads\/2023\/02\/Rijecina-1024x978.jpg 1024w, https:\/\/rent.bellafiume.com\/wp-content\/uploads\/2023\/02\/Rijecina-300x287.jpg 300w, https:\/\/rent.bellafiume.com\/wp-content\/uploads\/2023\/02\/Rijecina-768x734.jpg 768w, https:\/\/rent.bellafiume.com\/wp-content\/uploads\/2023\/02\/Rijecina-892x852.jpg 892w, https:\/\/rent.bellafiume.com\/wp-content\/uploads\/2023\/02\/Rijecina.jpg 1280w\" sizes=\"auto, (max-width: 1024px) 100vw, 1024px\" \/><\/figure>\n\n\n\n<figure class=\"wp-block-image size-large\"><img loading=\"lazy\" decoding=\"async\" width=\"1024\" height=\"978\" data-id=\"1299\" src=\"https:\/\/rent.bellafiume.com\/wp-content\/uploads\/2023\/02\/Opatija-2-1024x978.jpg\" alt=\"\" class=\"wp-image-1299\" srcset=\"https:\/\/rent.bellafiume.com\/wp-content\/uploads\/2023\/02\/Opatija-2-1024x978.jpg 1024w, https:\/\/rent.bellafiume.com\/wp-content\/uploads\/2023\/02\/Opatija-2-300x287.jpg 300w, https:\/\/rent.bellafiume.com\/wp-content\/uploads\/2023\/02\/Opatija-2-768x734.jpg 768w, https:\/\/rent.bellafiume.com\/wp-content\/uploads\/2023\/02\/Opatija-2-892x852.jpg 892w, https:\/\/rent.bellafiume.com\/wp-content\/uploads\/2023\/02\/Opatija-2.jpg 1280w\" sizes=\"auto, (max-width: 1024px) 100vw, 1024px\" \/><\/figure>\n<\/figure>\n<\/div>\n<\/div>\n\n\n\n<div style=\"height:100px\" aria-hidden=\"true\" class=\"wp-block-spacer\"><\/div>\n\n\n\n<div class=\"wp-block-columns has-3-columns is-layout-flex wp-container-core-columns-is-layout-9d6595d7 wp-block-columns-is-layout-flex\">\n<div class=\"wp-block-column is-layout-flow wp-block-column-is-layout-flow\">\n<div class=\"wp-block-getwid-advanced-heading\"><h2 class=\"wp-block-getwid-advanced-heading__content\">Tisu\u0107e posjetitelja izabralo je Kvarner<\/h2><\/div>\n<\/div>\n\n\n\n<div class=\"wp-block-column is-layout-flow wp-block-column-is-layout-flow\">\n<p>Otkrijte Rijeku, <strong>obalni hrvatski grad koji spaja povijest i prirodne ljepote<\/strong>. Posjetite Trsatsku gradinu i u\u017eivajte u panoramskom pogledu na Kvarner <strong>i istra\u017eite gradske muzeje i arhitekturu<\/strong>.<\/p>\n<\/div>\n<\/div>\n\n\n\n<div style=\"height:25px\" aria-hidden=\"true\" class=\"wp-block-spacer\"><\/div>\n\n\n\n<div class=\"wp-block-getwid-section\"><div class=\"wp-block-getwid-section__wrapper\" style=\"min-height:0vh\"><div class=\"wp-block-getwid-section__inner-wrapper\"><div class=\"wp-block-getwid-section__background-holder\"><div class=\"wp-block-getwid-section__background\"><\/div><div class=\"wp-block-getwid-section__foreground\"><\/div><\/div><div class=\"wp-block-getwid-section__content\"><div class=\"wp-block-getwid-section__inner-content\">\n<div class=\"wp-block-columns is-layout-flex wp-container-core-columns-is-layout-9d6595d7 wp-block-columns-is-layout-flex\">\n<div class=\"wp-block-column is-layout-flow wp-block-column-is-layout-flow\" style=\"flex-basis:60%\">\n<p><strong>Dvorac &#8220;Nova kraljevica &#8211; Frankopan&#8221;<\/strong><\/p>\n\n\n\n<p><strong><br><\/strong>Dio je to kulturno-turisti\u010dke rute <strong>Putovima Frankopana <\/strong>koju je osmislila Primorsko-goranska \u017eupanija <strong>koja je projekt i realizirala<\/strong>. Ruta se sastoji od <strong>20 posjeda, 17 ka\u0161tela i 3 sakralne gra\u0111evine<\/strong> koji nam pri\u010daju povijest knezova Kr\u010dkih, kako su ih do 15. stolje\u0107a nazivali Frankopanima.<\/p>\n\n\n\n<p>Sagra\u0111en je sredinom <strong>17. stolje\u0107a<\/strong> kao kasnorenesansna, bogato opremljena stambena pala\u010da pravokutnog tlocrta s \u010detiri ugaone kule. Nakon uhi\u0107enja njegovih graditelja, grofa Petra Zrinskog i kneza Frana Krsta Frankopana, ka\u0161tel je devastiran i slu\u017eio je raznim drugim funkcijama. <strong>Ponovni procvat do\u017eivljava krajem 19. stolje\u0107a<\/strong>, dolaskom isusovaca, koji dozidavaju drugi kat i kule ukra\u0161avaju parapetima. Nakon brojnih ratnih razaranja, danas se obnavlja kao multifunkcionalni kulturni centar.<\/p>\n\n\n\n<p><strong>Spomenik sv. Nikole<\/strong><\/p>\n\n\n\n<p><br>Rad je akademskog kipara Josipa Dimini\u0107a, a postavljen je na privremenu lokaciju na dan Svetog Nikole, 12. prosinca 2008. godine, do izgradnje novog gradskog trga, kada \u0107e dobiti svoju kona\u010dnu lokaciju. Sveti Nikola je <strong>za\u0161titnik grada i na njegov dan organizira se tradicionalno hodo\u010da\u0161\u0107e pomoraca sa sve\u010danom svetom misom<\/strong>.<\/p>\n<\/div>\n\n\n\n<div class=\"wp-block-column is-layout-flow wp-block-column-is-layout-flow\">\n<div class=\"wp-block-getwid-images-stack is-layout-zeta\"><div class=\"wp-block-getwid-images-stack__wrapper\"><div class=\"wp-block-getwid-images-stack__chunk\"><div class=\"wp-block-getwid-images-stack__media-wrapper\"><div class=\"wp-block-getwid-images-stack__media-inner-wrapper\"><img loading=\"lazy\" decoding=\"async\" width=\"780\" height=\"1155\" class=\"wp-block-getwid-images-stack__media wp-image-1681\" src=\"https:\/\/rent.bellafiume.com\/wp-content\/uploads\/2023\/04\/crkva.jpg\" data-id=\"1681\" data-link=\"https:\/\/rent.bellafiume.com\/explore-kvarner\/attachment\/crkva\/\" srcset=\"https:\/\/rent.bellafiume.com\/wp-content\/uploads\/2023\/04\/crkva.jpg 780w, https:\/\/rent.bellafiume.com\/wp-content\/uploads\/2023\/04\/crkva-203x300.jpg 203w, https:\/\/rent.bellafiume.com\/wp-content\/uploads\/2023\/04\/crkva-692x1024.jpg 692w, https:\/\/rent.bellafiume.com\/wp-content\/uploads\/2023\/04\/crkva-768x1137.jpg 768w\" sizes=\"auto, (max-width: 780px) 100vw, 780px\" \/><\/div><\/div><div class=\"wp-block-getwid-images-stack__media-wrapper\"><div class=\"wp-block-getwid-images-stack__media-inner-wrapper\"><img loading=\"lazy\" decoding=\"async\" width=\"1600\" height=\"800\" class=\"wp-block-getwid-images-stack__media wp-image-1683\" src=\"https:\/\/rent.bellafiume.com\/wp-content\/uploads\/2023\/04\/Frankopan-1.jpg\" data-id=\"1683\" data-link=\"https:\/\/rent.bellafiume.com\/explore-kvarner\/attachment\/frankopan-1\/\" srcset=\"https:\/\/rent.bellafiume.com\/wp-content\/uploads\/2023\/04\/Frankopan-1.jpg 1600w, https:\/\/rent.bellafiume.com\/wp-content\/uploads\/2023\/04\/Frankopan-1-300x150.jpg 300w, https:\/\/rent.bellafiume.com\/wp-content\/uploads\/2023\/04\/Frankopan-1-1024x512.jpg 1024w, https:\/\/rent.bellafiume.com\/wp-content\/uploads\/2023\/04\/Frankopan-1-768x384.jpg 768w, https:\/\/rent.bellafiume.com\/wp-content\/uploads\/2023\/04\/Frankopan-1-1536x768.jpg 1536w, https:\/\/rent.bellafiume.com\/wp-content\/uploads\/2023\/04\/Frankopan-1-892x446.jpg 892w, https:\/\/rent.bellafiume.com\/wp-content\/uploads\/2023\/04\/Frankopan-1-1350x675.jpg 1350w\" sizes=\"auto, (max-width: 1600px) 100vw, 1600px\" \/><\/div><\/div><div class=\"wp-block-getwid-images-stack__media-wrapper\"><div class=\"wp-block-getwid-images-stack__media-inner-wrapper\"><img loading=\"lazy\" decoding=\"async\" width=\"800\" height=\"800\" class=\"wp-block-getwid-images-stack__media wp-image-1685\" src=\"https:\/\/rent.bellafiume.com\/wp-content\/uploads\/2023\/04\/Sv.Nikola.jpg\" data-id=\"1685\" data-link=\"https:\/\/rent.bellafiume.com\/explore-kvarner\/attachment\/sv-nikola\/\" srcset=\"https:\/\/rent.bellafiume.com\/wp-content\/uploads\/2023\/04\/Sv.Nikola.jpg 800w, https:\/\/rent.bellafiume.com\/wp-content\/uploads\/2023\/04\/Sv.Nikola-300x300.jpg 300w, https:\/\/rent.bellafiume.com\/wp-content\/uploads\/2023\/04\/Sv.Nikola-150x150.jpg 150w, https:\/\/rent.bellafiume.com\/wp-content\/uploads\/2023\/04\/Sv.Nikola-768x768.jpg 768w\" sizes=\"auto, (max-width: 800px) 100vw, 800px\" \/><\/div><\/div><\/div><\/div><\/div>\n<\/div>\n<\/div>\n<\/div><\/div><\/div><\/div><\/div>\n\n\n\n<div style=\"height:25px\" aria-hidden=\"true\" class=\"wp-block-spacer\"><\/div>\n\n\n\n<div class=\"wp-block-getwid-advanced-heading\" style=\"margin-bottom:5px;margin-top:46px\"><h2 class=\"wp-block-getwid-advanced-heading__content\" style=\"text-align:center\">\u0160to istra\u017eiti na Kvarneru<\/h2><\/div>\n\n\n\n<div class=\"wp-block-getwid-advanced-heading\" style=\"margin-bottom:45px\"><span class=\"wp-block-getwid-advanced-heading__content\" style=\"text-align:center\">Toliko mnogo mjesta za posjetiti na Kvarneru. Provjerite na\u0161e preporuke.<\/span><\/div>\n\n\n\n<div class=\"wp-block-getwid-image-hotspot\" data-appearance-animation=\"none\" data-image-points=\"[{&quot;link&quot;:&quot;&quot;,&quot;icon&quot;:&quot;&quot;,&quot;title&quot;:&quot;City of Rijeka&quot;,&quot;color&quot;:&quot;&quot;,&quot;content&quot;:&quot;&quot;,&quot;backgroundColor&quot;:&quot;&quot;,&quot;newTab&quot;:false,&quot;popUpOpen&quot;:false,&quot;popUpWidth&quot;:350,&quot;placement&quot;:&quot;top&quot;,&quot;position&quot;:{&quot;x&quot;:&quot;36.38%&quot;,&quot;y&quot;:&quot;30.52%&quot;}},{&quot;link&quot;:&quot;&quot;,&quot;icon&quot;:&quot;&quot;,&quot;title&quot;:&quot;Kraljevica&quot;,&quot;color&quot;:&quot;&quot;,&quot;content&quot;:&quot;&quot;,&quot;backgroundColor&quot;:&quot;&quot;,&quot;newTab&quot;:false,&quot;popUpOpen&quot;:false,&quot;popUpWidth&quot;:350,&quot;placement&quot;:&quot;top&quot;,&quot;position&quot;:{&quot;x&quot;:&quot;49.83%&quot;,&quot;y&quot;:&quot;44.86%&quot;}},{&quot;link&quot;:&quot;&quot;,&quot;icon&quot;:&quot;&quot;,&quot;title&quot;:&quot;Omi\u0161alj kamp&quot;,&quot;color&quot;:&quot;&quot;,&quot;content&quot;:&quot;&quot;,&quot;backgroundColor&quot;:&quot;&quot;,&quot;newTab&quot;:false,&quot;popUpOpen&quot;:false,&quot;popUpWidth&quot;:350,&quot;placement&quot;:&quot;top&quot;,&quot;position&quot;:{&quot;x&quot;:&quot;48.26%&quot;,&quot;y&quot;:&quot;61.99%&quot;}},{&quot;link&quot;:&quot;&quot;,&quot;icon&quot;:&quot;&quot;,&quot;title&quot;:&quot;Fu\u017eine&quot;,&quot;color&quot;:&quot;&quot;,&quot;content&quot;:&quot;&quot;,&quot;backgroundColor&quot;:&quot;&quot;,&quot;newTab&quot;:false,&quot;popUpOpen&quot;:false,&quot;popUpWidth&quot;:350,&quot;placement&quot;:&quot;top&quot;,&quot;position&quot;:{&quot;x&quot;:&quot;65.64%&quot;,&quot;y&quot;:&quot;34.31%&quot;}}]\" data-trigger=\"click\" data-theme=\"light\" data-tooltip-animation=\"shift-toward\" data-arrow=\"true\"><div class=\"wp-block-getwid-image-hotspot__wrapper\"><img loading=\"lazy\" decoding=\"async\" width=\"1384\" height=\"779\" src=\"https:\/\/rent.bellafiume.com\/wp-content\/uploads\/2023\/04\/ss-kraljeivaca.jpg\" alt=\"\" class=\"wp-block-getwid-image-hotspot__image wp-image-1679\" srcset=\"https:\/\/rent.bellafiume.com\/wp-content\/uploads\/2023\/04\/ss-kraljeivaca.jpg 1384w, https:\/\/rent.bellafiume.com\/wp-content\/uploads\/2023\/04\/ss-kraljeivaca-300x169.jpg 300w, https:\/\/rent.bellafiume.com\/wp-content\/uploads\/2023\/04\/ss-kraljeivaca-1024x576.jpg 1024w, https:\/\/rent.bellafiume.com\/wp-content\/uploads\/2023\/04\/ss-kraljeivaca-768x432.jpg 768w, https:\/\/rent.bellafiume.com\/wp-content\/uploads\/2023\/04\/ss-kraljeivaca-892x502.jpg 892w, https:\/\/rent.bellafiume.com\/wp-content\/uploads\/2023\/04\/ss-kraljeivaca-1350x760.jpg 1350w\" sizes=\"auto, (max-width: 1384px) 100vw, 1384px\" \/><div data-point-id=\"0\" class=\"wp-block-getwid-image-hotspot__dot has-animation-pulse\" style=\"left:36.38%;top:30.52%\"><div class=\"wp-block-getwid-image-hotspot__dot-wrapper\"><div class=\"wp-block-getwid-image-hotspot__dot-content\"><i class=\"fas fa-plus wp-block-getwid-image-hotspot__dot-icon\"><\/i><\/div><\/div><div class=\"wp-block-getwid-image-hotspot__dot-description\"><div class=\"wp-block-getwid-image-hotspot__dot-title\">City of Rijeka<\/div><\/div><\/div><div data-point-id=\"1\" class=\"wp-block-getwid-image-hotspot__dot has-animation-pulse\" style=\"left:49.83%;top:44.86%\"><div class=\"wp-block-getwid-image-hotspot__dot-wrapper\"><div class=\"wp-block-getwid-image-hotspot__dot-content\"><i class=\"fas fa-plus wp-block-getwid-image-hotspot__dot-icon\"><\/i><\/div><\/div><div class=\"wp-block-getwid-image-hotspot__dot-description\"><div class=\"wp-block-getwid-image-hotspot__dot-title\">Kraljevica<\/div><\/div><\/div><div data-point-id=\"2\" class=\"wp-block-getwid-image-hotspot__dot has-animation-pulse\" style=\"left:48.26%;top:61.99%\"><div class=\"wp-block-getwid-image-hotspot__dot-wrapper\"><div class=\"wp-block-getwid-image-hotspot__dot-content\"><i class=\"fas fa-plus wp-block-getwid-image-hotspot__dot-icon\"><\/i><\/div><\/div><div class=\"wp-block-getwid-image-hotspot__dot-description\"><div class=\"wp-block-getwid-image-hotspot__dot-title\">Omi\u0161alj kamp<\/div><\/div><\/div><div data-point-id=\"3\" class=\"wp-block-getwid-image-hotspot__dot has-animation-pulse\" style=\"left:65.64%;top:34.31%\"><div class=\"wp-block-getwid-image-hotspot__dot-wrapper\"><div class=\"wp-block-getwid-image-hotspot__dot-content\"><i class=\"fas fa-plus wp-block-getwid-image-hotspot__dot-icon\"><\/i><\/div><\/div><div class=\"wp-block-getwid-image-hotspot__dot-description\"><div class=\"wp-block-getwid-image-hotspot__dot-title\">Fu\u017eine<\/div><\/div><\/div><\/div><\/div>\n\n\n\n<div class=\"wp-block-columns has-3-columns is-layout-flex wp-container-core-columns-is-layout-9d6595d7 wp-block-columns-is-layout-flex\">\n<div class=\"wp-block-column is-layout-flow wp-block-column-is-layout-flow\">\n<div class=\"wp-block-getwid-advanced-heading\"><h2 class=\"wp-block-getwid-advanced-heading__content\">Pla\u017ee<\/h2><\/div>\n\n\n\n<p><em><br>Do\u017eivite spokojnu ljepotu netaknutih pla\u017ea, Carovo i O\u0161tro, gdje kristalno \u010disto more i zadivljuju\u0107i krajolici pru\u017eaju savr\u0161eno okru\u017eenje za opu\u0161taju\u0107i bijeg uz more.<\/em><\/p>\n\n\n\n<p>D<a rel=\"noreferrer noopener\" href=\"https:\/\/www.google.com\/maps\/place\/beach+O%C5%A1tro,+51262,+Kraljevica\/data=!4m2!3m1!1s0x476361e087812333:0xfc1af5a0c3eb19c6?sa=X&amp;ved=2ahUKEwjXmfr73Pz9AhXlgv0HHdQhBV4Q8gF6BAhiEAE\" target=\"_blank\">irection to Beach O\u0161tro<\/a><\/p>\n\n\n\n<p><a rel=\"noreferrer noopener\" href=\"https:\/\/www.google.com\/search?tbs=lf:1,lf_ui:2&amp;tbm=lcl&amp;sxsrf=APwXEdefqdZgYQb6RRPGXxAYQcm11Ow3WQ:1679941318989&amp;q=beach+carevo+kraljevica&amp;rflfq=1&amp;num=10&amp;ved=2ahUKEwjVgL-M3fz9AhU0hf0HHeK6BXIQtgN6BAgVEAE#rlfi=hd:;si:;mv:[[45.2802952,14.5685949],[45.260919,14.565864300000001]];tbs:lrf:!1m4!1u2!2m2!2m1!1e1!2m1!1e2!3sIAE,lf:1,lf_ui:2\" target=\"_blank\">Direction to Beach  Carevo<\/a><\/p>\n<\/div>\n\n\n\n<div class=\"wp-block-column is-layout-flow wp-block-column-is-layout-flow\">\n<p><strong>Pla\u017ea O\u0161tro <\/strong><br>Pla\u017ea O\u0161tro na jednom mjestu spaja pje\u0161\u010dane, \u0161ljun\u010dane i betonske vrste pla\u017ea. Nalazi se u sklopu kampa na istoimenom poluotoku. Udaljena je 3 kilometra od hotela &#8220;Kraljevica&#8221; i lako se mo\u017ee do\u0107i pje\u0161ice, biciklom ili automobilom. Uz pla\u017eu se nalazi parkirali\u0161te, a udaljeno je nekoliko stotina metara od pla\u017ee.<\/p>\n\n\n\n<p>Pla\u017ea <strong>Carevo <\/strong><br>Udaljen je 1 kilometar od hotela &#8220;Kraljevica&#8221;. Pla\u017ea Carevo sastoji se od \u0161ljun\u010danog i betoniranog dijela, uska je i ima prirodni hlad koji \u010dine vegetacija i stijene. Ova pla\u017ea je me\u0111u omiljenima lokalnom stanovni\u0161tvu, te je jo\u0161 jedna u nizu pla\u017ea koje su idealne za djecu i njihove roditelje.<\/p>\n\n\n\n<p><\/p>\n<\/div>\n<\/div>\n\n\n\n<div style=\"height:10px\" aria-hidden=\"true\" class=\"wp-block-spacer\"><\/div>\n\n\n\n<hr class=\"wp-block-separator has-css-opacity is-style-wide\"\/>\n\n\n\n<div style=\"height:10px\" aria-hidden=\"true\" class=\"wp-block-spacer\"><\/div>\n\n\n\n<div class=\"wp-block-getwid-banner has-animation-style1 has-text-animation-opacity-right has-foreground-20 has-vertical-alignment-bottom has-horizontal-alignment-left\"><a href=\"https:\/\/www.youtube.com\/watch?v=vbt8Mg2-rw4\" target=\"_blank\" rel=\"noreferrer noopener\" class=\"wp-block-getwid-banner__link\"><div class=\"wp-block-getwid-banner__wrapper\"><img loading=\"lazy\" decoding=\"async\" width=\"1920\" height=\"1280\" src=\"https:\/\/rent.bellafiume.com\/wp-content\/uploads\/2019\/08\/Bella-Fiume-img-06.jpg\" alt=\"\" class=\"wp-block-getwid-banner__image wp-block-getwid-banner__source wp-image-1228\" srcset=\"https:\/\/rent.bellafiume.com\/wp-content\/uploads\/2019\/08\/Bella-Fiume-img-06.jpg 1920w, https:\/\/rent.bellafiume.com\/wp-content\/uploads\/2019\/08\/Bella-Fiume-img-06-300x200.jpg 300w, https:\/\/rent.bellafiume.com\/wp-content\/uploads\/2019\/08\/Bella-Fiume-img-06-1024x683.jpg 1024w, https:\/\/rent.bellafiume.com\/wp-content\/uploads\/2019\/08\/Bella-Fiume-img-06-768x512.jpg 768w, https:\/\/rent.bellafiume.com\/wp-content\/uploads\/2019\/08\/Bella-Fiume-img-06-1536x1024.jpg 1536w, https:\/\/rent.bellafiume.com\/wp-content\/uploads\/2019\/08\/Bella-Fiume-img-06-892x595.jpg 892w, https:\/\/rent.bellafiume.com\/wp-content\/uploads\/2019\/08\/Bella-Fiume-img-06-1350x900.jpg 1350w\" sizes=\"auto, (max-width: 1920px) 100vw, 1920px\" \/><div class=\"wp-block-getwid-banner__caption\"><div style=\"max-width:350px\" class=\"wp-block-getwid-banner__caption-wrapper\"><span class=\"wp-block-getwid-banner__title\">\u017delite saznati vi\u0161e o Kvarneru?<\/span><p class=\"wp-block-getwid-banner__text\">Pogledajte video priloge i prijedloge Turisti\u010dke zajednice Kvarnera.<\/p><\/div><\/div><\/div><\/a><\/div>\n","protected":false},"excerpt":{"rendered":"<p>Situated in the heart of Croatia, the Kvarner Gulf is a magnificent convergence of natural splendor, cultural heritage, and historical intrigue, providing a plethora of experiences to fulfill the wish-list of any traveler.<\/p>\n","protected":false},"author":1,"featured_media":1724,"parent":0,"menu_order":0,"comment_status":"closed","ping_status":"closed","template":"template-wide-page.php","meta":{"_acf_changed":false,"inline_featured_image":false,"footnotes":""},"yst_prominent_words":[],"class_list":["post-1856","page","type-page","status-publish","has-post-thumbnail","hentry"],"acf":[],"_links":{"self":[{"href":"https:\/\/rent.bellafiume.com\/hr\/wp-json\/wp\/v2\/pages\/1856","targetHints":{"allow":["GET"]}}],"collection":[{"href":"https:\/\/rent.bellafiume.com\/hr\/wp-json\/wp\/v2\/pages"}],"about":[{"href":"https:\/\/rent.bellafiume.com\/hr\/wp-json\/wp\/v2\/types\/page"}],"author":[{"embeddable":true,"href":"https:\/\/rent.bellafiume.com\/hr\/wp-json\/wp\/v2\/users\/1"}],"replies":[{"embeddable":true,"href":"https:\/\/rent.bellafiume.com\/hr\/wp-json\/wp\/v2\/comments?post=1856"}],"version-history":[{"count":2,"href":"https:\/\/rent.bellafiume.com\/hr\/wp-json\/wp\/v2\/pages\/1856\/revisions"}],"predecessor-version":[{"id":1934,"href":"https:\/\/rent.bellafiume.com\/hr\/wp-json\/wp\/v2\/pages\/1856\/revisions\/1934"}],"wp:featuredmedia":[{"embeddable":true,"href":"https:\/\/rent.bellafiume.com\/hr\/wp-json\/wp\/v2\/media\/1724"}],"wp:attachment":[{"href":"https:\/\/rent.bellafiume.com\/hr\/wp-json\/wp\/v2\/media?parent=1856"}],"wp:term":[{"taxonomy":"yst_prominent_words","embeddable":true,"href":"https:\/\/rent.bellafiume.com\/hr\/wp-json\/wp\/v2\/yst_prominent_words?post=1856"}],"curies":[{"name":"wp","href":"https:\/\/api.w.org\/{rel}","templated":true}]}}