{"id":1855,"date":"2019-08-20T12:10:13","date_gmt":"2019-08-20T10:10:13","guid":{"rendered":"https:\/\/rent.bellafiume.com\/contacts\/"},"modified":"2023-06-12T16:42:29","modified_gmt":"2023-06-12T14:42:29","slug":"kontaktirajte-nas","status":"publish","type":"page","link":"https:\/\/rent.bellafiume.com\/hr\/kontaktirajte-nas\/","title":{"rendered":"Kontaktirajte nas"},"content":{"rendered":"\n<div class=\"wp-block-columns has-2-columns is-layout-flex wp-container-core-columns-is-layout-9d6595d7 wp-block-columns-is-layout-flex\">\n<div class=\"wp-block-column is-layout-flow wp-block-column-is-layout-flow\">\n<div class=\"wp-block-getwid-advanced-heading\" style=\"margin-bottom:30px\"><h2 class=\"wp-block-getwid-advanced-heading__content\">Kako vam mo\u017eemo pomo\u0107i?<\/h2><\/div>\n\n\n\n<p>Slobodno nas kontaktirajte izravno ako imate bilo kakvih pitanja u vezi smje\u0161taja, <strong>bilo bi nam drago da odsjednete kod nas.<\/strong><\/p>\n\n\n\n<p>Ispunite svoje osobne podatke i mi \u0107emo vas kontaktirati. Obi\u010dno tim za podr\u0161ku odgovara u roku od jednog radnog dana. Tako\u0111er nas mo\u017eete nazvati direktno na telefon.<\/p>\n\n\n\n<div style=\"height:20px\" aria-hidden=\"true\" class=\"wp-block-spacer\"><\/div>\n\n\n\n<div class=\"wp-block-getwid-advanced-heading has-custom-font-size\" style=\"font-size:14px;margin-bottom:0px\"><span class=\"wp-block-getwid-advanced-heading__content\">Adresa<\/span><\/div>\n\n\n\n<div class=\"wp-block-getwid-advanced-heading has-custom-font-size\" style=\"font-size:normal\"><span class=\"wp-block-getwid-advanced-heading__content has-text-color has-arsenic-color\" style=\"font-weight:500\">Rijeka, Primorsko Goranska, Croatia<\/span><\/div>\n\n\n\n<div class=\"wp-block-getwid-advanced-heading has-custom-font-size\" style=\"font-size:14px;margin-bottom:0px\"><span class=\"wp-block-getwid-advanced-heading__content\">Telefon<\/span><\/div>\n\n\n\n<div class=\"wp-block-getwid-advanced-heading has-custom-font-size\" style=\"font-size:normal\"><span class=\"wp-block-getwid-advanced-heading__content has-text-color has-arsenic-color\" style=\"font-weight:500\"><a href=\"tel:19544566789\"> +385 (954) 456 6789<\/a><\/span><\/div>\n\n\n\n<div class=\"wp-block-getwid-advanced-heading has-custom-font-size\" style=\"font-size:14px;margin-bottom:0px\"><span class=\"wp-block-getwid-advanced-heading__content\">Email<\/span><\/div>\n\n\n\n<div class=\"wp-block-getwid-advanced-heading has-custom-font-size\" style=\"font-size:normal\"><span class=\"wp-block-getwid-advanced-heading__content has-text-color has-arsenic-color\" style=\"font-weight:500\"><a href=\"mailto:info@bellafiume.com\" data-type=\"mailto\" data-id=\"mailto:info@bellafiume.com\">info@bellafiume.com<\/a> <\/span><\/div>\n<\/div>\n\n\n\n<div class=\"wp-block-column is-layout-flow wp-block-column-is-layout-flow\">\n<div class=\"wp-block-getwid-section is-style-with-shadow\"><div class=\"wp-block-getwid-section__wrapper getwid-padding-top-medium getwid-padding-bottom-medium getwid-padding-left-medium getwid-padding-right-medium\"><div class=\"wp-block-getwid-section__inner-wrapper\"><div class=\"wp-block-getwid-section__background-holder\"><div class=\"wp-block-getwid-section__background has-background has-white-background-color\"><\/div><div class=\"wp-block-getwid-section__foreground\"><\/div><\/div><div class=\"wp-block-getwid-section__content\"><div class=\"wp-block-getwid-section__inner-content\">        <div class=\"wp-block-getwid-contact-form\" >\n            <form class='wp-block-getwid-contact-form__form'>\n    \n        <p class='wp-block-getwid-field-name'>\n\t    <label\n        for='name-69e3ab10f2516'\n        class='wp-block-getwid-field-name__label'\n    >Va\u0161e ime *<\/label>\n\t    <input id='name-69e3ab10f2516' type='text' name='name'            placeholder='Upi\u0161ite ime'             required=''\n            \/>\n<\/p>\n\n\n        <p class='wp-block-getwid-field-email'>\n\t    <label\n\t\tfor='email-69e3ab10f2612'\n        class='wp-block-getwid-field-email__label'\n    >Va\u0161 Email *<\/label>\n\t    <input id='email-69e3ab10f2612' type='email' name='email'             placeholder='Upi\u0161ite e-mail'             required=''    \/>\n<\/p>\n\n\n        <p class='wp-block-getwid-field-textarea'>\n\t    <label\n\t\tfor='message-69e3ab10f26ca'\n        class='wp-block-getwid-field-textarea__label'\n    >Poruka<\/label>\n\t    <textarea\n\t\tid='message-69e3ab10f26ca' rows='5' name='message'            placeholder='Napi\u0161ite svoju poruku'            required=''\n            ><\/textarea>\n<\/p>\n\n\n    <input name='subject' \t\ttype='hidden'\n\t\/>\n\n\t<p class='wp-block-getwid-contact-form__result'><\/p>\n\n\t<div class='wp-block-getwid-contact-form__submit'>\n\t\t<div class='wp-block-button'>\n\t\t\t<button\n\t\t\t\ttype='submit'\n\t\t\t\tclass='wp-block-button__link '\t\t\t\t\tstyle=''\t\t\t>Po\u0161alji poruku<\/button>\n\t\t<\/div>\n\n\t<\/div>\n<\/form>\n        <\/div><\/div><\/div><\/div><\/div><\/div>\n<\/div>\n<\/div>\n\n\n\n<div style=\"height:20px\" aria-hidden=\"true\" class=\"wp-block-spacer\"><\/div>\n\n\n\n<div data-map-zoom=\"9\" data-interaction=\"cooperative\" data-map-style=\"default\" data-map-center=\"{&quot;lat&quot;:45.188014507857304,&quot;lng&quot;:14.2057141457358}\" data-zoom-control=\"false\" data-type-control=\"false\" data-street-view-control=\"false\" data-full-screen-control=\"false\" data-map-markers=\"[{&quot;name&quot;:&quot;Avenida General Gregorio Luper\u00f3n 5, Dominican Republic&quot;,&quot;description&quot;:&quot;Avenida General Gregorio Luper\u00f3n 5, Puerto Plata 57000, Dominican Republic&quot;,&quot;popUpOpen&quot;:false,&quot;popUpMaxWidth&quot;:250,&quot;bounce&quot;:false,&quot;coords&quot;:{&quot;lat&quot;:19.32504498106675,&quot;lng&quot;:-69.54503237987137}},{&quot;name&quot;:&quot;Urb. Campoalegre, 02005 Albacete&quot;,&quot;description&quot;:&quot;Urb. Campoalegre, 02005 Albacete, Spain&quot;,&quot;popUpOpen&quot;:false,&quot;popUpMaxWidth&quot;:250,&quot;bounce&quot;:false,&quot;coords&quot;:{&quot;lat&quot;:39.01639572959439,&quot;lng&quot;:-1.839871901228321}},{&quot;name&quot;:&quot;#3&quot;,&quot;description&quot;:&quot;&quot;,&quot;popUpOpen&quot;:true,&quot;popUpMaxWidth&quot;:250,&quot;bounce&quot;:false,&quot;coords&quot;:{&quot;lat&quot;:45.32721739646924,&quot;lng&quot;:14.441920200423318}},{&quot;name&quot;:&quot;#4&quot;,&quot;description&quot;:&quot;&quot;,&quot;popUpOpen&quot;:false,&quot;popUpMaxWidth&quot;:250,&quot;bounce&quot;:false,&quot;coords&quot;:{&quot;lat&quot;:0,&quot;lng&quot;:0}}]\" class=\"wp-block-getwid-map\"><div style=\"height:400px\" class=\"wp-block-getwid-map__container\"><\/div><ul class=\"wp-block-getwid-map__points\"><li><a href=\"https:\/\/maps.google.com\/?q=19.32504498106675,-69.54503237987137&amp;ll=19.32504498106675,-69.54503237987137&amp;z=9\">Avenida General Gregorio Luper\u00f3n 5, Dominican Republic<\/a><\/li><li><a href=\"https:\/\/maps.google.com\/?q=39.01639572959439,-1.839871901228321&amp;ll=39.01639572959439,-1.839871901228321&amp;z=9\">Urb. Campoalegre, 02005 Albacete<\/a><\/li><li><a href=\"https:\/\/maps.google.com\/?q=45.32721739646924,14.441920200423318&amp;ll=45.32721739646924,14.441920200423318&amp;z=9\">#3<\/a><\/li><li><a href=\"https:\/\/maps.google.com\/?q=0,0&amp;ll=0,0&amp;z=9\">#4<\/a><\/li><\/ul><\/div>\n\n\n\n<div style=\"height:50px\" aria-hidden=\"true\" class=\"wp-block-spacer\"><\/div>\n\n\n\n<hr class=\"wp-block-separator has-css-opacity is-style-wide\"\/>\n\n\n\n<div style=\"height:30px\" aria-hidden=\"true\" class=\"wp-block-spacer\"><\/div>\n\n\n\n<div class=\"wp-block-columns has-2-columns is-layout-flex wp-container-core-columns-is-layout-9d6595d7 wp-block-columns-is-layout-flex\">\n<div class=\"wp-block-column is-layout-flow wp-block-column-is-layout-flow\">\n<div class=\"wp-block-getwid-advanced-heading\" style=\"margin-bottom:40px\"><h2 class=\"wp-block-getwid-advanced-heading__content\">\u010cesto postavljana pitanja<\/h2><\/div>\n\n\n\n<div class=\"wp-block-getwid-advanced-spacer getwid-hide-desktop getwid-hide-tablet\" style=\"height:10px\" aria-hidden=\"true\"><\/div>\n<\/div>\n\n\n\n<div class=\"wp-block-column is-layout-flow wp-block-column-is-layout-flow\">\n<p>Posjetite na\u0161u stranicu s \u010desto postavljanim pitanjima kako biste dobili jasnije odgovore na sve svoje upite.<\/p>\n\n\n\n<div class=\"wp-block-buttons is-layout-flex wp-block-buttons-is-layout-flex\">\n<div class=\"wp-block-button\"><a class=\"wp-block-button__link wp-element-button\" href=\"https:\/\/rent.bellafiume.com\/hr\/cesta-pitanja\/\">Saznaj vi\u0161e<\/a><\/div>\n<\/div>\n<\/div>\n<\/div>\n","protected":false},"excerpt":{"rendered":"<p>Slobodno nas kontaktirajte izravno ako imate bilo kakvih pitanja u vezi s na\u0161im uslugama, rado \u0107emo stupiti u kontakt s vama. Jako nam je drago \u0161to ste nas odabrali i odgovorit \u0107emo na sva va\u0161a pitanja.<\/p>\n","protected":false},"author":1,"featured_media":1724,"parent":0,"menu_order":0,"comment_status":"closed","ping_status":"closed","template":"template-wide-page.php","meta":{"_acf_changed":false,"inline_featured_image":false,"footnotes":""},"yst_prominent_words":[],"class_list":["post-1855","page","type-page","status-publish","has-post-thumbnail","hentry"],"acf":[],"_links":{"self":[{"href":"https:\/\/rent.bellafiume.com\/hr\/wp-json\/wp\/v2\/pages\/1855","targetHints":{"allow":["GET"]}}],"collection":[{"href":"https:\/\/rent.bellafiume.com\/hr\/wp-json\/wp\/v2\/pages"}],"about":[{"href":"https:\/\/rent.bellafiume.com\/hr\/wp-json\/wp\/v2\/types\/page"}],"author":[{"embeddable":true,"href":"https:\/\/rent.bellafiume.com\/hr\/wp-json\/wp\/v2\/users\/1"}],"replies":[{"embeddable":true,"href":"https:\/\/rent.bellafiume.com\/hr\/wp-json\/wp\/v2\/comments?post=1855"}],"version-history":[{"count":6,"href":"https:\/\/rent.bellafiume.com\/hr\/wp-json\/wp\/v2\/pages\/1855\/revisions"}],"predecessor-version":[{"id":2008,"href":"https:\/\/rent.bellafiume.com\/hr\/wp-json\/wp\/v2\/pages\/1855\/revisions\/2008"}],"wp:featuredmedia":[{"embeddable":true,"href":"https:\/\/rent.bellafiume.com\/hr\/wp-json\/wp\/v2\/media\/1724"}],"wp:attachment":[{"href":"https:\/\/rent.bellafiume.com\/hr\/wp-json\/wp\/v2\/media?parent=1855"}],"wp:term":[{"taxonomy":"yst_prominent_words","embeddable":true,"href":"https:\/\/rent.bellafiume.com\/hr\/wp-json\/wp\/v2\/yst_prominent_words?post=1855"}],"curies":[{"name":"wp","href":"https:\/\/api.w.org\/{rel}","templated":true}]}}